{"id":9471,"date":"2025-09-19T01:19:05","date_gmt":"2025-09-18T22:19:05","guid":{"rendered":"https:\/\/citizenwatchgreece.com\/?post_type=product&#038;p=9471"},"modified":"2025-11-10T11:35:37","modified_gmt":"2025-11-10T09:35:37","slug":"nk5020-58p","status":"publish","type":"product","link":"https:\/\/citizenwatchgreece.com\/en\/product\/nk5020-58p\/","title":{"rendered":"NK5020-58P"},"content":{"rendered":"<h2>Citizen Zenshin 60 automatic<\/h2>\n<h4>with small second<\/h4>\n<p>Zenshin &#8211; in Japanese, this means progress, improvement or advancement.\u00a0 This was precisely the aspiration behind the world&#8217;s first titanium watch, which Citizen presented in 1970.<\/p>\n<p>And it was this same philosophy that led to exceptional manufacturing expertise and in-house developments such as Super Titanium\u2122 and Duratect over the following 55 years.<\/p>\n<p>At Citizen, these in an especially durable watch made of titanium are suitable for everyday use &#8211; they are light, hypoallergenic, robust and scratch-resistant.<\/p>\n<p>The decentralized small second between the \u201c4\u201d and \u201c5\u201d was already the special identifying feature of the Zenshin models with automatic movement in the 2024 collection.<\/p>\n<p>Last year&#8217;s colorful variants have now been joined by four new models &#8211; including a new and striking 12-sided bezel design. The textured dials have been given a luxurious color gradient &#8211; also known as d\u00e9grad\u00e9 or fum\u00e9. The new dial colors are: Light blue, dark blue, green and copper.<\/p>\n<p>The built-in automatic movement in the NK5020-58P is the in-house caliber 8322 with a 60-hour power reserve, which is visible thanks to a glass back.<\/p>\n<p>The Citizen Zenshin 60 automatic models also have a diameter of 40.5 mm, are equipped with a scratch-resistant sapphire glass and are water-resistant up to 10 bar.<\/p>\n<p>https:\/\/citizenwatch.eu\/media\/thumbs\/a3\/6a\/bbaf883e7283726442e9899ddea8e1c5dd7d\/912x_crop=center;format=webp\/images\/showcase\/NK5020-58P_1_ud7wxVy.jpg.thumb.webp<\/p>\n","protected":false},"excerpt":{"rendered":"<p>Super Titanium Zenshin 60<\/p>\n","protected":false},"featured_media":9510,"comment_status":"open","ping_status":"closed","template":"","meta":{"_acf_changed":false},"product_brand":[],"product_cat":[426,250,99],"product_tag":[],"class_list":{"0":"post-9471","1":"product","2":"type-product","3":"status-publish","4":"has-post-thumbnail","6":"product_cat-mechanical","7":"product_cat-super-titanium","8":"product_cat-watches-en","9":"pa_bracelet-colour-silver","10":"pa_bracelet-features-bracelet-massive","11":"pa_bracelet-material-super-titanium","12":"pa_caliber-8322-21a","13":"pa_caliber-features-20-40-sec-per-day","14":"pa_caliber-features-60-hours","15":"pa_caliber-features-stop-second","16":"pa_caliber-type-mechanical","17":"pa_case-colour-titanium-white","18":"pa_case-form-round","19":"pa_case-material-super-titanium","20":"pa_dial-colour-copper-colored","21":"pa_dial-index-strokes","22":"pa_diameter-41mm","23":"pa_ean-2654","24":"pa_gender-men","25":"pa_glass-sapphire-glass","26":"pa_height-in-mm-11-mm","27":"pa_movement-automatic","28":"pa_power-reserve-60-hours","29":"pa_water-resistant-10-bar","30":"pa_weight-100-g","32":"first","33":"instock","34":"shipping-taxable","35":"purchasable","36":"product-type-simple"},"acf":{"operation_manual_title":"","operation-manual":""},"yoast_head":"<!-- This site is optimized with the Yoast SEO plugin v27.4 - https:\/\/yoast.com\/product\/yoast-seo-wordpress\/ -->\n<title>NK5020-58P - Citizen Watch<\/title>\n<meta name=\"robots\" content=\"index, follow, max-snippet:-1, max-image-preview:large, max-video-preview:-1\" \/>\n<link rel=\"canonical\" href=\"https:\/\/citizenwatchgreece.com\/en\/product\/nk5020-58p\/\" \/>\n<meta property=\"og:locale\" content=\"en_US\" \/>\n<meta property=\"og:type\" content=\"article\" \/>\n<meta property=\"og:title\" content=\"NK5020-58P - Citizen Watch\" \/>\n<meta property=\"og:description\" content=\"Super Titanium Zenshin 60\" \/>\n<meta property=\"og:url\" content=\"https:\/\/citizenwatchgreece.com\/en\/product\/nk5020-58p\/\" \/>\n<meta property=\"og:site_name\" content=\"Citizen Watch\" \/>\n<meta property=\"article:publisher\" content=\"https:\/\/www.facebook.com\/profile.php?id=61553821679780\" \/>\n<meta property=\"article:modified_time\" content=\"2025-11-10T09:35:37+00:00\" \/>\n<meta property=\"og:image\" content=\"https:\/\/citizenwatchgreece.com\/wp-content\/uploads\/2025\/09\/NK5020-58P.png.thumb_.png\" \/>\n\t<meta property=\"og:image:width\" content=\"1400\" \/>\n\t<meta property=\"og:image:height\" content=\"1400\" \/>\n\t<meta property=\"og:image:type\" content=\"image\/png\" \/>\n<meta name=\"twitter:card\" content=\"summary_large_image\" \/>\n<meta name=\"twitter:label1\" content=\"Est. reading time\" \/>\n\t<meta name=\"twitter:data1\" content=\"2 minutes\" \/>\n<script type=\"application\/ld+json\" class=\"yoast-schema-graph\">{\"@context\":\"https:\\\/\\\/schema.org\",\"@graph\":[{\"@type\":\"WebPage\",\"@id\":\"https:\\\/\\\/citizenwatchgreece.com\\\/en\\\/product\\\/nk5020-58p\\\/\",\"url\":\"https:\\\/\\\/citizenwatchgreece.com\\\/en\\\/product\\\/nk5020-58p\\\/\",\"name\":\"NK5020-58P - Citizen Watch\",\"isPartOf\":{\"@id\":\"https:\\\/\\\/citizenwatchgreece.com\\\/#website\"},\"primaryImageOfPage\":{\"@id\":\"https:\\\/\\\/citizenwatchgreece.com\\\/en\\\/product\\\/nk5020-58p\\\/#primaryimage\"},\"image\":{\"@id\":\"https:\\\/\\\/citizenwatchgreece.com\\\/en\\\/product\\\/nk5020-58p\\\/#primaryimage\"},\"thumbnailUrl\":\"https:\\\/\\\/citizenwatchgreece.com\\\/wp-content\\\/uploads\\\/2025\\\/09\\\/NK5020-58P.png.thumb_.png\",\"datePublished\":\"2025-09-18T22:19:05+00:00\",\"dateModified\":\"2025-11-10T09:35:37+00:00\",\"breadcrumb\":{\"@id\":\"https:\\\/\\\/citizenwatchgreece.com\\\/en\\\/product\\\/nk5020-58p\\\/#breadcrumb\"},\"inLanguage\":\"en-US\",\"potentialAction\":[{\"@type\":\"ReadAction\",\"target\":[\"https:\\\/\\\/citizenwatchgreece.com\\\/en\\\/product\\\/nk5020-58p\\\/\"]}]},{\"@type\":\"ImageObject\",\"inLanguage\":\"en-US\",\"@id\":\"https:\\\/\\\/citizenwatchgreece.com\\\/en\\\/product\\\/nk5020-58p\\\/#primaryimage\",\"url\":\"https:\\\/\\\/citizenwatchgreece.com\\\/wp-content\\\/uploads\\\/2025\\\/09\\\/NK5020-58P.png.thumb_.png\",\"contentUrl\":\"https:\\\/\\\/citizenwatchgreece.com\\\/wp-content\\\/uploads\\\/2025\\\/09\\\/NK5020-58P.png.thumb_.png\",\"width\":1400,\"height\":1400},{\"@type\":\"BreadcrumbList\",\"@id\":\"https:\\\/\\\/citizenwatchgreece.com\\\/en\\\/product\\\/nk5020-58p\\\/#breadcrumb\",\"itemListElement\":[{\"@type\":\"ListItem\",\"position\":1,\"name\":\"\u0391\u03c1\u03c7\u03b9\u03ba\u03ae\",\"item\":\"https:\\\/\\\/citizenwatchgreece.com\\\/en\\\/\"},{\"@type\":\"ListItem\",\"position\":2,\"name\":\"Watches\",\"item\":\"https:\\\/\\\/citizenwatchgreece.com\\\/en\\\/shop\\\/\"},{\"@type\":\"ListItem\",\"position\":3,\"name\":\"NK5020-58P\"}]},{\"@type\":\"WebSite\",\"@id\":\"https:\\\/\\\/citizenwatchgreece.com\\\/#website\",\"url\":\"https:\\\/\\\/citizenwatchgreece.com\\\/\",\"name\":\"Citizen Watch\",\"description\":\"\",\"publisher\":{\"@id\":\"https:\\\/\\\/citizenwatchgreece.com\\\/#organization\"},\"potentialAction\":[{\"@type\":\"SearchAction\",\"target\":{\"@type\":\"EntryPoint\",\"urlTemplate\":\"https:\\\/\\\/citizenwatchgreece.com\\\/?s={search_term_string}\"},\"query-input\":{\"@type\":\"PropertyValueSpecification\",\"valueRequired\":true,\"valueName\":\"search_term_string\"}}],\"inLanguage\":\"en-US\"},{\"@type\":\"Organization\",\"@id\":\"https:\\\/\\\/citizenwatchgreece.com\\\/#organization\",\"name\":\"Citizen Watch\",\"url\":\"https:\\\/\\\/citizenwatchgreece.com\\\/\",\"logo\":{\"@type\":\"ImageObject\",\"inLanguage\":\"en-US\",\"@id\":\"https:\\\/\\\/citizenwatchgreece.com\\\/#\\\/schema\\\/logo\\\/image\\\/\",\"url\":\"https:\\\/\\\/citizenwatchgreece.com\\\/wp-content\\\/uploads\\\/2023\\\/10\\\/citizen-logo.png\",\"contentUrl\":\"https:\\\/\\\/citizenwatchgreece.com\\\/wp-content\\\/uploads\\\/2023\\\/10\\\/citizen-logo.png\",\"width\":300,\"height\":55,\"caption\":\"Citizen Watch\"},\"image\":{\"@id\":\"https:\\\/\\\/citizenwatchgreece.com\\\/#\\\/schema\\\/logo\\\/image\\\/\"},\"sameAs\":[\"https:\\\/\\\/www.facebook.com\\\/profile.php?id=61553821679780\",\"https:\\\/\\\/www.instagram.com\\\/citizenwatchgreece\\\/\"]}]}<\/script>\n<!-- \/ Yoast SEO plugin. -->","yoast_head_json":{"title":"NK5020-58P - Citizen Watch","robots":{"index":"index","follow":"follow","max-snippet":"max-snippet:-1","max-image-preview":"max-image-preview:large","max-video-preview":"max-video-preview:-1"},"canonical":"https:\/\/citizenwatchgreece.com\/en\/product\/nk5020-58p\/","og_locale":"en_US","og_type":"article","og_title":"NK5020-58P - Citizen Watch","og_description":"Super Titanium Zenshin 60","og_url":"https:\/\/citizenwatchgreece.com\/en\/product\/nk5020-58p\/","og_site_name":"Citizen Watch","article_publisher":"https:\/\/www.facebook.com\/profile.php?id=61553821679780","article_modified_time":"2025-11-10T09:35:37+00:00","og_image":[{"width":1400,"height":1400,"url":"https:\/\/citizenwatchgreece.com\/wp-content\/uploads\/2025\/09\/NK5020-58P.png.thumb_.png","type":"image\/png"}],"twitter_card":"summary_large_image","twitter_misc":{"Est. reading time":"2 minutes"},"schema":{"@context":"https:\/\/schema.org","@graph":[{"@type":"WebPage","@id":"https:\/\/citizenwatchgreece.com\/en\/product\/nk5020-58p\/","url":"https:\/\/citizenwatchgreece.com\/en\/product\/nk5020-58p\/","name":"NK5020-58P - Citizen Watch","isPartOf":{"@id":"https:\/\/citizenwatchgreece.com\/#website"},"primaryImageOfPage":{"@id":"https:\/\/citizenwatchgreece.com\/en\/product\/nk5020-58p\/#primaryimage"},"image":{"@id":"https:\/\/citizenwatchgreece.com\/en\/product\/nk5020-58p\/#primaryimage"},"thumbnailUrl":"https:\/\/citizenwatchgreece.com\/wp-content\/uploads\/2025\/09\/NK5020-58P.png.thumb_.png","datePublished":"2025-09-18T22:19:05+00:00","dateModified":"2025-11-10T09:35:37+00:00","breadcrumb":{"@id":"https:\/\/citizenwatchgreece.com\/en\/product\/nk5020-58p\/#breadcrumb"},"inLanguage":"en-US","potentialAction":[{"@type":"ReadAction","target":["https:\/\/citizenwatchgreece.com\/en\/product\/nk5020-58p\/"]}]},{"@type":"ImageObject","inLanguage":"en-US","@id":"https:\/\/citizenwatchgreece.com\/en\/product\/nk5020-58p\/#primaryimage","url":"https:\/\/citizenwatchgreece.com\/wp-content\/uploads\/2025\/09\/NK5020-58P.png.thumb_.png","contentUrl":"https:\/\/citizenwatchgreece.com\/wp-content\/uploads\/2025\/09\/NK5020-58P.png.thumb_.png","width":1400,"height":1400},{"@type":"BreadcrumbList","@id":"https:\/\/citizenwatchgreece.com\/en\/product\/nk5020-58p\/#breadcrumb","itemListElement":[{"@type":"ListItem","position":1,"name":"\u0391\u03c1\u03c7\u03b9\u03ba\u03ae","item":"https:\/\/citizenwatchgreece.com\/en\/"},{"@type":"ListItem","position":2,"name":"Watches","item":"https:\/\/citizenwatchgreece.com\/en\/shop\/"},{"@type":"ListItem","position":3,"name":"NK5020-58P"}]},{"@type":"WebSite","@id":"https:\/\/citizenwatchgreece.com\/#website","url":"https:\/\/citizenwatchgreece.com\/","name":"Citizen Watch","description":"","publisher":{"@id":"https:\/\/citizenwatchgreece.com\/#organization"},"potentialAction":[{"@type":"SearchAction","target":{"@type":"EntryPoint","urlTemplate":"https:\/\/citizenwatchgreece.com\/?s={search_term_string}"},"query-input":{"@type":"PropertyValueSpecification","valueRequired":true,"valueName":"search_term_string"}}],"inLanguage":"en-US"},{"@type":"Organization","@id":"https:\/\/citizenwatchgreece.com\/#organization","name":"Citizen Watch","url":"https:\/\/citizenwatchgreece.com\/","logo":{"@type":"ImageObject","inLanguage":"en-US","@id":"https:\/\/citizenwatchgreece.com\/#\/schema\/logo\/image\/","url":"https:\/\/citizenwatchgreece.com\/wp-content\/uploads\/2023\/10\/citizen-logo.png","contentUrl":"https:\/\/citizenwatchgreece.com\/wp-content\/uploads\/2023\/10\/citizen-logo.png","width":300,"height":55,"caption":"Citizen Watch"},"image":{"@id":"https:\/\/citizenwatchgreece.com\/#\/schema\/logo\/image\/"},"sameAs":["https:\/\/www.facebook.com\/profile.php?id=61553821679780","https:\/\/www.instagram.com\/citizenwatchgreece\/"]}]}},"_links":{"self":[{"href":"https:\/\/citizenwatchgreece.com\/en\/wp-json\/wp\/v2\/product\/9471","targetHints":{"allow":["GET"]}}],"collection":[{"href":"https:\/\/citizenwatchgreece.com\/en\/wp-json\/wp\/v2\/product"}],"about":[{"href":"https:\/\/citizenwatchgreece.com\/en\/wp-json\/wp\/v2\/types\/product"}],"replies":[{"embeddable":true,"href":"https:\/\/citizenwatchgreece.com\/en\/wp-json\/wp\/v2\/comments?post=9471"}],"wp:featuredmedia":[{"embeddable":true,"href":"https:\/\/citizenwatchgreece.com\/en\/wp-json\/wp\/v2\/media\/9510"}],"wp:attachment":[{"href":"https:\/\/citizenwatchgreece.com\/en\/wp-json\/wp\/v2\/media?parent=9471"}],"wp:term":[{"taxonomy":"product_brand","embeddable":true,"href":"https:\/\/citizenwatchgreece.com\/en\/wp-json\/wp\/v2\/product_brand?post=9471"},{"taxonomy":"product_cat","embeddable":true,"href":"https:\/\/citizenwatchgreece.com\/en\/wp-json\/wp\/v2\/product_cat?post=9471"},{"taxonomy":"product_tag","embeddable":true,"href":"https:\/\/citizenwatchgreece.com\/en\/wp-json\/wp\/v2\/product_tag?post=9471"}],"curies":[{"name":"wp","href":"https:\/\/api.w.org\/{rel}","templated":true}]}}